{"id":905,"date":"2022-10-14T11:59:14","date_gmt":"2022-10-14T11:59:14","guid":{"rendered":"https:\/\/young-entrepreneurs-guild.eu\/?page_id=905"},"modified":"2024-01-18T11:27:36","modified_gmt":"2024-01-18T11:27:36","slug":"proiect","status":"publish","type":"page","link":"https:\/\/young-entrepreneurs-guild.eu\/?page_id=905&lang=ro","title":{"rendered":"PROIECT"},"content":{"rendered":"\t\t<div data-elementor-type=\"wp-page\" data-elementor-id=\"905\" class=\"elementor elementor-905\">\n\t\t\t\t\t\t<section class=\"elementor-section elementor-top-section elementor-element elementor-element-80e1171 elementor-section-boxed elementor-section-height-default elementor-section-height-default\" data-id=\"80e1171\" data-element_type=\"section\" data-e-type=\"section\" data-settings=\"{&quot;background_background&quot;:&quot;classic&quot;,&quot;shape_divider_bottom&quot;:&quot;mountains&quot;}\">\n\t\t\t\t\t\t\t<div class=\"elementor-background-overlay\"><\/div>\n\t\t\t\t\t\t<div class=\"elementor-shape elementor-shape-bottom\" aria-hidden=\"true\" data-negative=\"false\">\n\t\t\t<svg xmlns=\"http:\/\/www.w3.org\/2000\/svg\" viewBox=\"0 0 1000 100\" preserveAspectRatio=\"none\">\n\t<path class=\"elementor-shape-fill\" opacity=\"0.33\" d=\"M473,67.3c-203.9,88.3-263.1-34-320.3,0C66,119.1,0,59.7,0,59.7V0h1000v59.7 c0,0-62.1,26.1-94.9,29.3c-32.8,3.3-62.8-12.3-75.8-22.1C806,49.6,745.3,8.7,694.9,4.7S492.4,59,473,67.3z\"\/>\n\t<path class=\"elementor-shape-fill\" opacity=\"0.66\" d=\"M734,67.3c-45.5,0-77.2-23.2-129.1-39.1c-28.6-8.7-150.3-10.1-254,39.1 s-91.7-34.4-149.2,0C115.7,118.3,0,39.8,0,39.8V0h1000v36.5c0,0-28.2-18.5-92.1-18.5C810.2,18.1,775.7,67.3,734,67.3z\"\/>\n\t<path class=\"elementor-shape-fill\" d=\"M766.1,28.9c-200-57.5-266,65.5-395.1,19.5C242,1.8,242,5.4,184.8,20.6C128,35.8,132.3,44.9,89.9,52.5C28.6,63.7,0,0,0,0 h1000c0,0-9.9,40.9-83.6,48.1S829.6,47,766.1,28.9z\"\/>\n<\/svg>\t\t<\/div>\n\t\t\t\t\t<div class=\"elementor-container elementor-column-gap-default\">\n\t\t\t\t\t<div class=\"elementor-column elementor-col-100 elementor-top-column elementor-element elementor-element-85da5da\" data-id=\"85da5da\" data-element_type=\"column\" data-e-type=\"column\">\n\t\t\t<div class=\"elementor-widget-wrap elementor-element-populated\">\n\t\t\t\t\t\t<div class=\"elementor-element elementor-element-c4dd92b elementor-widget elementor-widget-spacer\" data-id=\"c4dd92b\" data-element_type=\"widget\" data-e-type=\"widget\" data-widget_type=\"spacer.default\">\n\t\t\t\t<div class=\"elementor-widget-container\">\n\t\t\t\t\t\t\t<div class=\"elementor-spacer\">\n\t\t\t<div class=\"elementor-spacer-inner\"><\/div>\n\t\t<\/div>\n\t\t\t\t\t\t<\/div>\n\t\t\t\t<\/div>\n\t\t\t\t<div class=\"elementor-element elementor-element-cee4dd7 elementor-widget elementor-widget-heading\" data-id=\"cee4dd7\" data-element_type=\"widget\" data-e-type=\"widget\" data-widget_type=\"heading.default\">\n\t\t\t\t<div class=\"elementor-widget-container\">\n\t\t\t\t\t<h2 class=\"elementor-heading-title elementor-size-default\">Proiectul<\/h2>\t\t\t\t<\/div>\n\t\t\t\t<\/div>\n\t\t\t\t<div class=\"elementor-element elementor-element-7a3e894 elementor-widget elementor-widget-spacer\" data-id=\"7a3e894\" data-element_type=\"widget\" data-e-type=\"widget\" data-widget_type=\"spacer.default\">\n\t\t\t\t<div class=\"elementor-widget-container\">\n\t\t\t\t\t\t\t<div class=\"elementor-spacer\">\n\t\t\t<div class=\"elementor-spacer-inner\"><\/div>\n\t\t<\/div>\n\t\t\t\t\t\t<\/div>\n\t\t\t\t<\/div>\n\t\t\t\t<section class=\"elementor-section elementor-inner-section elementor-element elementor-element-b3851bf elementor-section-boxed elementor-section-height-default elementor-section-height-default\" data-id=\"b3851bf\" data-element_type=\"section\" data-e-type=\"section\">\n\t\t\t\t\t\t<div class=\"elementor-container elementor-column-gap-default\">\n\t\t\t\t\t<div class=\"elementor-column elementor-col-50 elementor-inner-column elementor-element elementor-element-b5827dd\" data-id=\"b5827dd\" data-element_type=\"column\" data-e-type=\"column\">\n\t\t\t<div class=\"elementor-widget-wrap elementor-element-populated\">\n\t\t\t\t\t\t<div class=\"elementor-element elementor-element-c1603c6 elementor-widget-divider--view-line elementor-widget elementor-widget-divider\" data-id=\"c1603c6\" data-element_type=\"widget\" data-e-type=\"widget\" data-widget_type=\"divider.default\">\n\t\t\t\t<div class=\"elementor-widget-container\">\n\t\t\t\t\t\t\t<div class=\"elementor-divider\">\n\t\t\t<span class=\"elementor-divider-separator\">\n\t\t\t\t\t\t<\/span>\n\t\t<\/div>\n\t\t\t\t\t\t<\/div>\n\t\t\t\t<\/div>\n\t\t\t\t<div class=\"elementor-element elementor-element-31cec78 elementor-widget elementor-widget-heading\" data-id=\"31cec78\" data-element_type=\"widget\" data-e-type=\"widget\" data-widget_type=\"heading.default\">\n\t\t\t\t<div class=\"elementor-widget-container\">\n\t\t\t\t\t<h2 class=\"elementor-heading-title elementor-size-default\">Descrierea proiectului<\/h2>\t\t\t\t<\/div>\n\t\t\t\t<\/div>\n\t\t\t\t<div class=\"elementor-element elementor-element-9b47ec0 elementor-widget elementor-widget-text-editor\" data-id=\"9b47ec0\" data-element_type=\"widget\" data-e-type=\"widget\" data-widget_type=\"text-editor.default\">\n\t\t\t\t<div class=\"elementor-widget-container\">\n\t\t\t\t\t\t\t\t\t<p>Diferen\u021ba dintre educa\u021bie \u0219i ocuparea for\u021bei de munc\u0103 se l\u0103rge\u0219te, iar amploarea schimb\u0103rii ratelor \u0219omajului variaz\u0103 \u00een func\u021bie de nivelul de educa\u021bie al tinerilor. De\u0219i legate de mo\u0219tenirea crizei economice, costurile indirecte ale e\u0219ecului social \u00een furnizarea de educa\u021bie de calitate, locuri de munc\u0103 decente \u0219i protec\u021bie social\u0103 ar putea genera o povar\u0103 serioas\u0103 asupra societ\u0103\u021bii europene.<\/p><p>\u00a0Num\u0103rul crescut de studen\u021bi absolven\u021bi care au calific\u0103ri recunoscute oficial, dar oportunit\u0103\u021bi slabe de realizare profesional\u0103 \u00een domeniul lor de competen\u021b\u0103 a creat un procent ridicat de tineri \u0219omeri. \u00cen zilele noastre, deficitul \u0219i nepotrivirea de competen\u021be reprezint\u0103 poate una dintre cele mai populare explica\u021bii pentru dezbaterile privind problemele dezvolt\u0103rii profesionale a tinerilor \u0219i integrarea acestora ca membri activi ai societ\u0103\u021bii.\u00a0<\/p><p>Acesta este motivul pentru care, proiectul \u201eLiga pentru antreprenoriatul tinerilor\u201d \u00ee\u0219i propune s\u0103 construiasc\u0103 societ\u0103\u021bi competitive bazate pe cunoa\u0219tere, prin dezvoltarea poten\u021bialului antreprenorial al tinerilor \u0219i a competen\u021belor creative.Proiectul inten\u021bioneaz\u0103 s\u0103 ofere o solu\u021bie valoroas\u0103 \u00eempotriva \u0219omajului \u00een r\u00e2ndul tinerilor prin crearea de c\u0103i specifice pentru \u00eembun\u0103t\u0103\u021birea abilit\u0103\u021bilor \u0219i dezvoltarea mentalit\u0103\u021bii \u0219i capacit\u0103\u021bilor antreprenoriale ale tinerilor.<\/p>\t\t\t\t\t\t\t\t<\/div>\n\t\t\t\t<\/div>\n\t\t\t\t\t<\/div>\n\t\t<\/div>\n\t\t\t\t<div class=\"elementor-column elementor-col-50 elementor-inner-column elementor-element elementor-element-714b6ce\" data-id=\"714b6ce\" data-element_type=\"column\" data-e-type=\"column\">\n\t\t\t<div class=\"elementor-widget-wrap\">\n\t\t\t\t\t\t\t<\/div>\n\t\t<\/div>\n\t\t\t\t\t<\/div>\n\t\t<\/section>\n\t\t\t\t\t<\/div>\n\t\t<\/div>\n\t\t\t\t\t<\/div>\n\t\t<\/section>\n\t\t\t\t<section class=\"elementor-section elementor-top-section elementor-element elementor-element-cfb89b5 elementor-section-boxed elementor-section-height-default elementor-section-height-default\" data-id=\"cfb89b5\" data-element_type=\"section\" data-e-type=\"section\" data-settings=\"{&quot;background_background&quot;:&quot;classic&quot;,&quot;shape_divider_top&quot;:&quot;mountains&quot;}\">\n\t\t\t\t\t\t\t<div class=\"elementor-background-overlay\"><\/div>\n\t\t\t\t\t\t<div class=\"elementor-shape elementor-shape-top\" aria-hidden=\"true\" data-negative=\"false\">\n\t\t\t<svg xmlns=\"http:\/\/www.w3.org\/2000\/svg\" viewBox=\"0 0 1000 100\" preserveAspectRatio=\"none\">\n\t<path class=\"elementor-shape-fill\" opacity=\"0.33\" d=\"M473,67.3c-203.9,88.3-263.1-34-320.3,0C66,119.1,0,59.7,0,59.7V0h1000v59.7 c0,0-62.1,26.1-94.9,29.3c-32.8,3.3-62.8-12.3-75.8-22.1C806,49.6,745.3,8.7,694.9,4.7S492.4,59,473,67.3z\"\/>\n\t<path class=\"elementor-shape-fill\" opacity=\"0.66\" d=\"M734,67.3c-45.5,0-77.2-23.2-129.1-39.1c-28.6-8.7-150.3-10.1-254,39.1 s-91.7-34.4-149.2,0C115.7,118.3,0,39.8,0,39.8V0h1000v36.5c0,0-28.2-18.5-92.1-18.5C810.2,18.1,775.7,67.3,734,67.3z\"\/>\n\t<path class=\"elementor-shape-fill\" d=\"M766.1,28.9c-200-57.5-266,65.5-395.1,19.5C242,1.8,242,5.4,184.8,20.6C128,35.8,132.3,44.9,89.9,52.5C28.6,63.7,0,0,0,0 h1000c0,0-9.9,40.9-83.6,48.1S829.6,47,766.1,28.9z\"\/>\n<\/svg>\t\t<\/div>\n\t\t\t\t\t<div class=\"elementor-container elementor-column-gap-default\">\n\t\t\t\t\t<div class=\"elementor-column elementor-col-100 elementor-top-column elementor-element elementor-element-d93b3f1\" data-id=\"d93b3f1\" data-element_type=\"column\" data-e-type=\"column\">\n\t\t\t<div class=\"elementor-widget-wrap elementor-element-populated\">\n\t\t\t\t\t\t<section class=\"elementor-section elementor-inner-section elementor-element elementor-element-64eaf31 elementor-section-boxed elementor-section-height-default elementor-section-height-default\" data-id=\"64eaf31\" data-element_type=\"section\" data-e-type=\"section\">\n\t\t\t\t\t\t<div class=\"elementor-container elementor-column-gap-default\">\n\t\t\t\t\t<div class=\"elementor-column elementor-col-50 elementor-inner-column elementor-element elementor-element-c86b992\" data-id=\"c86b992\" data-element_type=\"column\" data-e-type=\"column\">\n\t\t\t<div class=\"elementor-widget-wrap\">\n\t\t\t\t\t\t\t<\/div>\n\t\t<\/div>\n\t\t\t\t<div class=\"elementor-column elementor-col-50 elementor-inner-column elementor-element elementor-element-41f5fdd\" data-id=\"41f5fdd\" data-element_type=\"column\" data-e-type=\"column\">\n\t\t\t<div class=\"elementor-widget-wrap elementor-element-populated\">\n\t\t\t\t\t\t<div class=\"elementor-element elementor-element-9c13682 elementor-widget elementor-widget-spacer\" data-id=\"9c13682\" data-element_type=\"widget\" data-e-type=\"widget\" data-widget_type=\"spacer.default\">\n\t\t\t\t<div class=\"elementor-widget-container\">\n\t\t\t\t\t\t\t<div class=\"elementor-spacer\">\n\t\t\t<div class=\"elementor-spacer-inner\"><\/div>\n\t\t<\/div>\n\t\t\t\t\t\t<\/div>\n\t\t\t\t<\/div>\n\t\t\t\t<div class=\"elementor-element elementor-element-4b219b0 elementor-widget elementor-widget-heading\" data-id=\"4b219b0\" data-element_type=\"widget\" data-e-type=\"widget\" data-widget_type=\"heading.default\">\n\t\t\t\t<div class=\"elementor-widget-container\">\n\t\t\t\t\t<h2 class=\"elementor-heading-title elementor-size-default\">Impact<\/h2>\t\t\t\t<\/div>\n\t\t\t\t<\/div>\n\t\t\t\t<div class=\"elementor-element elementor-element-5da6631 elementor-widget elementor-widget-text-editor\" data-id=\"5da6631\" data-element_type=\"widget\" data-e-type=\"widget\" data-widget_type=\"text-editor.default\">\n\t\t\t\t<div class=\"elementor-widget-container\">\n\t\t\t\t\t\t\t\t\t<p>Proiectul va \u00eencuraja Proiectul va \u00eencuraja parteneriatul \u0219i cooperarea transsectorial\u0103 la nivel interna\u021bional, prin conectarea mediului ONG-urilor cu institu\u021bii de \u00eenv\u0103\u021b\u0103m\u00e2nt \u0219i alte tipuri de furnizori de educa\u021bie, \u00een vederea \u00eembun\u0103t\u0103\u021birii calit\u0103\u021bii modului de func\u021bionare \u00een domeniul educa\u021biei, form\u0103rii \u0219i tineretului.<\/p><p>Pentru a aduce aceste schimb\u0103ri pozitive, proiectul \u00ee\u0219i propune s\u0103 \u00eendeplineasc\u0103 urm\u0103toarele obiective:<\/p><p>\u25aa\ufe0f S\u0103 promoveze ideile antreprenoriale prin activit\u0103\u021bi \u0219i cursuri extracurriculare \u00een vederea cre\u0219terii capacitatea de inova\u021bie \u0219i mentalitatea centrat\u0103 pe oportunit\u0103\u021bi pentru poten\u021bialii tineri antreprenori<\/p><p>\u25aa\ufe0f S\u0103 faciliteze \u00eencorporarea unei abord\u0103ri inovatoare a antreprenoriatului \u00een domeniul educa\u021biei, prin integrarea dezvolt\u0103rii \u0219i con\u0219tientiz\u0103rii comportamentului antreprenorial<\/p><p>\u25aa\ufe0f S\u0103 \u00eencurajeze tinerii s\u0103 participe la educa\u021bia antreprenorial\u0103 \u00een vederea dezvolt\u0103rii unor astfel de mentalit\u0103\u021bi \u0219i s\u0103 stimuleze o mai bun\u0103 implicare \u00een ac\u021biuni antreprenoriale<\/p><p>\u25aa\ufe0f S\u0103 sporeasc\u0103 spiritul antreprenorial inovator \u0219i orientat spre pia\u021ba muncii \u00een r\u00e2ndul tinerilor<\/p><p>\u25aa\ufe0f S\u0103 demonstreze beneficiile abord\u0103rilor educa\u021bionale multidisciplinare \u0219i multiprofesionale prin dezvoltarea unui \u2018\u2018Ghid de instruire privind leadershipul antreprenorial, managementul \u0219i antreprenoriatul pentru tineri\u201d<\/p><p>\u25aa\ufe0f S\u0103 \u00eencurajeze dezvoltarea unui sistem transsectorial pe mai multe niveluri, care \u00eencurajeaz\u0103 \u00een mod concret \u00eenv\u0103\u021barea antreprenorial\u0103 prin alte mijloace dec\u00e2t cele formale, mai ales prin implicarea direct\u0103 \u00een activit\u0103\u021bi antreprenoriale<\/p>\t\t\t\t\t\t\t\t<\/div>\n\t\t\t\t<\/div>\n\t\t\t\t\t<\/div>\n\t\t<\/div>\n\t\t\t\t\t<\/div>\n\t\t<\/section>\n\t\t\t\t\t<\/div>\n\t\t<\/div>\n\t\t\t\t\t<\/div>\n\t\t<\/section>\n\t\t\t\t<section class=\"elementor-section elementor-top-section elementor-element elementor-element-1a90a6d elementor-section-boxed elementor-section-height-default elementor-section-height-default\" data-id=\"1a90a6d\" data-element_type=\"section\" data-e-type=\"section\">\n\t\t\t\t\t\t<div class=\"elementor-container elementor-column-gap-default\">\n\t\t\t\t\t<div class=\"elementor-column elementor-col-33 elementor-top-column elementor-element elementor-element-5f8e505\" data-id=\"5f8e505\" data-element_type=\"column\" data-e-type=\"column\">\n\t\t\t<div class=\"elementor-widget-wrap elementor-element-populated\">\n\t\t\t\t\t\t<div class=\"elementor-element elementor-element-255c678 elementor-widget elementor-widget-spacer\" data-id=\"255c678\" data-element_type=\"widget\" data-e-type=\"widget\" data-widget_type=\"spacer.default\">\n\t\t\t\t<div class=\"elementor-widget-container\">\n\t\t\t\t\t\t\t<div class=\"elementor-spacer\">\n\t\t\t<div class=\"elementor-spacer-inner\"><\/div>\n\t\t<\/div>\n\t\t\t\t\t\t<\/div>\n\t\t\t\t<\/div>\n\t\t\t\t<div class=\"elementor-element elementor-element-ebfa869 elementor-widget elementor-widget-image\" data-id=\"ebfa869\" data-element_type=\"widget\" data-e-type=\"widget\" data-widget_type=\"image.default\">\n\t\t\t\t<div class=\"elementor-widget-container\">\n\t\t\t\t\t\t\t\t\t\t\t\t\t\t\t<img decoding=\"async\" width=\"300\" height=\"63\" src=\"https:\/\/young-entrepreneurs-guild.eu\/wp-content\/uploads\/2022\/07\/EN_Co-funded_by_the_EU_PANTONE__1_-removebg-preview-1024x215-1-300x63.png\" class=\"attachment-medium size-medium wp-image-178\" alt=\"\" srcset=\"https:\/\/young-entrepreneurs-guild.eu\/wp-content\/uploads\/2022\/07\/EN_Co-funded_by_the_EU_PANTONE__1_-removebg-preview-1024x215-1-300x63.png 300w, https:\/\/young-entrepreneurs-guild.eu\/wp-content\/uploads\/2022\/07\/EN_Co-funded_by_the_EU_PANTONE__1_-removebg-preview-1024x215-1-768x161.png 768w, https:\/\/young-entrepreneurs-guild.eu\/wp-content\/uploads\/2022\/07\/EN_Co-funded_by_the_EU_PANTONE__1_-removebg-preview-1024x215-1-720x151.png 720w, https:\/\/young-entrepreneurs-guild.eu\/wp-content\/uploads\/2022\/07\/EN_Co-funded_by_the_EU_PANTONE__1_-removebg-preview-1024x215-1.png 1024w\" sizes=\"(max-width: 300px) 100vw, 300px\" \/>\t\t\t\t\t\t\t\t\t\t\t\t\t\t\t<\/div>\n\t\t\t\t<\/div>\n\t\t\t\t<div class=\"elementor-element elementor-element-caa2630 elementor-widget elementor-widget-text-editor\" data-id=\"caa2630\" data-element_type=\"widget\" data-e-type=\"widget\" data-widget_type=\"text-editor.default\">\n\t\t\t\t<div class=\"elementor-widget-container\">\n\t\t\t\t\t\t\t\t\t<p>Finan\u021bat de Uniunea European\u0103. Punctele de vedere \u0219i opiniile exprimate apar\u021bin, \u00eens\u0103, exclusiv autorului (autorilor) \u0219i nu reflect\u0103 neap\u0103rat punctele de vedere \u0219i opiniile Uniunii Europene sau ale Agen\u021biei Executive Europene pentru Educa\u021bie \u0219i Cultur\u0103 (EACEA). Nici Uniunea European\u0103 \u0219i nici EACEA nu pot fi considerate r\u0103spunz\u0103toare pentru acestea. 2021-1-PL01-KA220-YOU-000029030<\/p>\t\t\t\t\t\t\t\t<\/div>\n\t\t\t\t<\/div>\n\t\t\t\t\t<\/div>\n\t\t<\/div>\n\t\t\t\t<div class=\"elementor-column elementor-col-33 elementor-top-column elementor-element elementor-element-0c32a49\" data-id=\"0c32a49\" data-element_type=\"column\" data-e-type=\"column\">\n\t\t\t<div class=\"elementor-widget-wrap\">\n\t\t\t\t\t\t\t<\/div>\n\t\t<\/div>\n\t\t\t\t<div class=\"elementor-column elementor-col-33 elementor-top-column elementor-element elementor-element-bd5541d\" data-id=\"bd5541d\" data-element_type=\"column\" data-e-type=\"column\">\n\t\t\t<div class=\"elementor-widget-wrap elementor-element-populated\">\n\t\t\t\t\t\t<div class=\"elementor-element elementor-element-a24cfee elementor-widget elementor-widget-spacer\" data-id=\"a24cfee\" data-element_type=\"widget\" data-e-type=\"widget\" data-widget_type=\"spacer.default\">\n\t\t\t\t<div class=\"elementor-widget-container\">\n\t\t\t\t\t\t\t<div class=\"elementor-spacer\">\n\t\t\t<div class=\"elementor-spacer-inner\"><\/div>\n\t\t<\/div>\n\t\t\t\t\t\t<\/div>\n\t\t\t\t<\/div>\n\t\t\t\t<div class=\"elementor-element elementor-element-f2ffaed elementor-widget elementor-widget-image\" data-id=\"f2ffaed\" data-element_type=\"widget\" data-e-type=\"widget\" data-widget_type=\"image.default\">\n\t\t\t\t<div class=\"elementor-widget-container\">\n\t\t\t\t\t\t\t\t\t\t\t\t\t\t\t<img decoding=\"async\" width=\"243\" height=\"84\" src=\"https:\/\/young-entrepreneurs-guild.eu\/wp-content\/uploads\/2022\/07\/YEG-logo-small-whiteback.png\" class=\"attachment-medium size-medium wp-image-276\" alt=\"\" \/>\t\t\t\t\t\t\t\t\t\t\t\t\t\t\t<\/div>\n\t\t\t\t<\/div>\n\t\t\t\t<div class=\"elementor-element elementor-element-5717d7b elementor-widget elementor-widget-text-editor\" data-id=\"5717d7b\" data-element_type=\"widget\" data-e-type=\"widget\" data-widget_type=\"text-editor.default\">\n\t\t\t\t<div class=\"elementor-widget-container\">\n\t\t\t\t\t\t\t\t\t<a style=\"color: black;\" href=\"https:\/\/young-entrepreneurs-guild.eu\/?page_id=186\" target=\"_blank\" rel=\"noopener\">Terms of Use<\/a>\t\t\t\t\t\t\t\t<\/div>\n\t\t\t\t<\/div>\n\t\t\t\t<div class=\"elementor-element elementor-element-3e4653a elementor-shape-circle e-grid-align-right elementor-grid-0 elementor-widget elementor-widget-social-icons\" data-id=\"3e4653a\" data-element_type=\"widget\" data-e-type=\"widget\" data-widget_type=\"social-icons.default\">\n\t\t\t\t<div class=\"elementor-widget-container\">\n\t\t\t\t\t\t\t<div class=\"elementor-social-icons-wrapper elementor-grid\">\n\t\t\t\t\t\t\t<span class=\"elementor-grid-item\">\n\t\t\t\t\t<a class=\"elementor-icon elementor-social-icon elementor-social-icon-facebook elementor-repeater-item-eff31d5\" target=\"_blank\">\n\t\t\t\t\t\t<span class=\"elementor-screen-only\">Facebook<\/span>\n\t\t\t\t\t\t<i aria-hidden=\"true\" class=\"fab fa-facebook\"><\/i>\t\t\t\t\t<\/a>\n\t\t\t\t<\/span>\n\t\t\t\t\t<\/div>\n\t\t\t\t\t\t<\/div>\n\t\t\t\t<\/div>\n\t\t\t\t\t<\/div>\n\t\t<\/div>\n\t\t\t\t\t<\/div>\n\t\t<\/section>\n\t\t\t\t<section class=\"elementor-section elementor-top-section elementor-element elementor-element-f5b0083 elementor-section-boxed elementor-section-height-default elementor-section-height-default\" data-id=\"f5b0083\" data-element_type=\"section\" data-e-type=\"section\">\n\t\t\t\t\t\t<div class=\"elementor-container elementor-column-gap-default\">\n\t\t\t\t\t<div class=\"elementor-column elementor-col-100 elementor-top-column elementor-element elementor-element-477ac76\" data-id=\"477ac76\" data-element_type=\"column\" data-e-type=\"column\">\n\t\t\t<div class=\"elementor-widget-wrap elementor-element-populated\">\n\t\t\t\t\t\t<div class=\"elementor-element elementor-element-899cca1 elementor-widget-divider--view-line elementor-widget elementor-widget-divider\" data-id=\"899cca1\" data-element_type=\"widget\" data-e-type=\"widget\" data-widget_type=\"divider.default\">\n\t\t\t\t<div class=\"elementor-widget-container\">\n\t\t\t\t\t\t\t<div class=\"elementor-divider\">\n\t\t\t<span class=\"elementor-divider-separator\">\n\t\t\t\t\t\t<\/span>\n\t\t<\/div>\n\t\t\t\t\t\t<\/div>\n\t\t\t\t<\/div>\n\t\t\t\t\t<\/div>\n\t\t<\/div>\n\t\t\t\t\t<\/div>\n\t\t<\/section>\n\t\t\t\t<section class=\"elementor-section elementor-top-section elementor-element elementor-element-129ca6b elementor-section-boxed elementor-section-height-default elementor-section-height-default\" data-id=\"129ca6b\" data-element_type=\"section\" data-e-type=\"section\">\n\t\t\t\t\t\t<div class=\"elementor-container elementor-column-gap-default\">\n\t\t\t\t\t<div class=\"elementor-column elementor-col-33 elementor-top-column elementor-element elementor-element-d7daf89\" data-id=\"d7daf89\" data-element_type=\"column\" data-e-type=\"column\">\n\t\t\t<div class=\"elementor-widget-wrap elementor-element-populated\">\n\t\t\t\t\t\t<div class=\"elementor-element elementor-element-213e50a elementor-widget elementor-widget-heading\" data-id=\"213e50a\" data-element_type=\"widget\" data-e-type=\"widget\" data-widget_type=\"heading.default\">\n\t\t\t\t<div class=\"elementor-widget-container\">\n\t\t\t\t\t<h2 class=\"elementor-heading-title elementor-size-default\">Copyright \u00a9 2022 Young Entrepreneurs Guild. All Rights Reserved<\/h2>\t\t\t\t<\/div>\n\t\t\t\t<\/div>\n\t\t\t\t\t<\/div>\n\t\t<\/div>\n\t\t\t\t<div class=\"elementor-column elementor-col-33 elementor-top-column elementor-element elementor-element-b1881ce\" data-id=\"b1881ce\" data-element_type=\"column\" data-e-type=\"column\">\n\t\t\t<div class=\"elementor-widget-wrap\">\n\t\t\t\t\t\t\t<\/div>\n\t\t<\/div>\n\t\t\t\t<div class=\"elementor-column elementor-col-33 elementor-top-column elementor-element elementor-element-4534304\" data-id=\"4534304\" data-element_type=\"column\" data-e-type=\"column\">\n\t\t\t<div class=\"elementor-widget-wrap elementor-element-populated\">\n\t\t\t\t\t\t<div class=\"elementor-element elementor-element-749bda7 elementor-widget elementor-widget-text-editor\" data-id=\"749bda7\" data-element_type=\"widget\" data-e-type=\"widget\" data-widget_type=\"text-editor.default\">\n\t\t\t\t<div class=\"elementor-widget-container\">\n\t\t\t\t\t\t\t\t\t<span style=\"color: #797979; text-align: left;\">Powered by\u00a0<\/span><a style=\"color: #797979; text-align: right;\" href=\"https:\/\/innovationhive.eu\/\" target=\"_blank\" rel=\"noopener\">Innovation Hive<\/a>\t\t\t\t\t\t\t\t<\/div>\n\t\t\t\t<\/div>\n\t\t\t\t\t<\/div>\n\t\t<\/div>\n\t\t\t\t\t<\/div>\n\t\t<\/section>\n\t\t\t\t<\/div>\n\t\t","protected":false},"excerpt":{"rendered":"<p>Proiectul Descrierea proiectului Diferen\u021ba dintre educa\u021bie \u0219i ocuparea for\u021bei de munc\u0103 se l\u0103rge\u0219te, iar amploarea schimb\u0103rii ratelor \u0219omajului variaz\u0103 \u00een [&hellip;]<\/p>\n","protected":false},"author":1,"featured_media":0,"parent":0,"menu_order":0,"comment_status":"closed","ping_status":"closed","template":"page-templates\/template_page-builder.php","meta":{"_monsterinsights_skip_tracking":false,"_monsterinsights_sitenote_active":false,"_monsterinsights_sitenote_note":"","_monsterinsights_sitenote_category":0,"footnotes":""},"class_list":["post-905","page","type-page","status-publish","hentry"],"aioseo_notices":[],"_links":{"self":[{"href":"https:\/\/young-entrepreneurs-guild.eu\/index.php?rest_route=\/wp\/v2\/pages\/905","targetHints":{"allow":["GET"]}}],"collection":[{"href":"https:\/\/young-entrepreneurs-guild.eu\/index.php?rest_route=\/wp\/v2\/pages"}],"about":[{"href":"https:\/\/young-entrepreneurs-guild.eu\/index.php?rest_route=\/wp\/v2\/types\/page"}],"author":[{"embeddable":true,"href":"https:\/\/young-entrepreneurs-guild.eu\/index.php?rest_route=\/wp\/v2\/users\/1"}],"replies":[{"embeddable":true,"href":"https:\/\/young-entrepreneurs-guild.eu\/index.php?rest_route=%2Fwp%2Fv2%2Fcomments&post=905"}],"version-history":[{"count":7,"href":"https:\/\/young-entrepreneurs-guild.eu\/index.php?rest_route=\/wp\/v2\/pages\/905\/revisions"}],"predecessor-version":[{"id":1109,"href":"https:\/\/young-entrepreneurs-guild.eu\/index.php?rest_route=\/wp\/v2\/pages\/905\/revisions\/1109"}],"wp:attachment":[{"href":"https:\/\/young-entrepreneurs-guild.eu\/index.php?rest_route=%2Fwp%2Fv2%2Fmedia&parent=905"}],"curies":[{"name":"wp","href":"https:\/\/api.w.org\/{rel}","templated":true}]}}