{"id":819,"date":"2022-10-14T10:35:21","date_gmt":"2022-10-14T10:35:21","guid":{"rendered":"https:\/\/young-entrepreneurs-guild.eu\/?page_id=819"},"modified":"2024-01-18T11:18:40","modified_gmt":"2024-01-18T11:18:40","slug":"projekt","status":"publish","type":"page","link":"https:\/\/young-entrepreneurs-guild.eu\/?page_id=819&lang=pl","title":{"rendered":"PROJEKT"},"content":{"rendered":"\t\t<div data-elementor-type=\"wp-page\" data-elementor-id=\"819\" class=\"elementor elementor-819\">\n\t\t\t\t\t\t<section class=\"elementor-section elementor-top-section elementor-element elementor-element-80e1171 elementor-section-boxed elementor-section-height-default elementor-section-height-default\" data-id=\"80e1171\" data-element_type=\"section\" data-e-type=\"section\" data-settings=\"{&quot;background_background&quot;:&quot;classic&quot;,&quot;shape_divider_bottom&quot;:&quot;mountains&quot;}\">\n\t\t\t\t\t\t\t<div class=\"elementor-background-overlay\"><\/div>\n\t\t\t\t\t\t<div class=\"elementor-shape elementor-shape-bottom\" aria-hidden=\"true\" data-negative=\"false\">\n\t\t\t<svg xmlns=\"http:\/\/www.w3.org\/2000\/svg\" viewBox=\"0 0 1000 100\" preserveAspectRatio=\"none\">\n\t<path class=\"elementor-shape-fill\" opacity=\"0.33\" d=\"M473,67.3c-203.9,88.3-263.1-34-320.3,0C66,119.1,0,59.7,0,59.7V0h1000v59.7 c0,0-62.1,26.1-94.9,29.3c-32.8,3.3-62.8-12.3-75.8-22.1C806,49.6,745.3,8.7,694.9,4.7S492.4,59,473,67.3z\"\/>\n\t<path class=\"elementor-shape-fill\" opacity=\"0.66\" d=\"M734,67.3c-45.5,0-77.2-23.2-129.1-39.1c-28.6-8.7-150.3-10.1-254,39.1 s-91.7-34.4-149.2,0C115.7,118.3,0,39.8,0,39.8V0h1000v36.5c0,0-28.2-18.5-92.1-18.5C810.2,18.1,775.7,67.3,734,67.3z\"\/>\n\t<path class=\"elementor-shape-fill\" d=\"M766.1,28.9c-200-57.5-266,65.5-395.1,19.5C242,1.8,242,5.4,184.8,20.6C128,35.8,132.3,44.9,89.9,52.5C28.6,63.7,0,0,0,0 h1000c0,0-9.9,40.9-83.6,48.1S829.6,47,766.1,28.9z\"\/>\n<\/svg>\t\t<\/div>\n\t\t\t\t\t<div class=\"elementor-container elementor-column-gap-default\">\n\t\t\t\t\t<div class=\"elementor-column elementor-col-100 elementor-top-column elementor-element elementor-element-85da5da\" data-id=\"85da5da\" data-element_type=\"column\" data-e-type=\"column\">\n\t\t\t<div class=\"elementor-widget-wrap elementor-element-populated\">\n\t\t\t\t\t\t<div class=\"elementor-element elementor-element-c4dd92b elementor-widget elementor-widget-spacer\" data-id=\"c4dd92b\" data-element_type=\"widget\" data-e-type=\"widget\" data-widget_type=\"spacer.default\">\n\t\t\t\t<div class=\"elementor-widget-container\">\n\t\t\t\t\t\t\t<div class=\"elementor-spacer\">\n\t\t\t<div class=\"elementor-spacer-inner\"><\/div>\n\t\t<\/div>\n\t\t\t\t\t\t<\/div>\n\t\t\t\t<\/div>\n\t\t\t\t<div class=\"elementor-element elementor-element-cee4dd7 elementor-widget elementor-widget-heading\" data-id=\"cee4dd7\" data-element_type=\"widget\" data-e-type=\"widget\" data-widget_type=\"heading.default\">\n\t\t\t\t<div class=\"elementor-widget-container\">\n\t\t\t\t\t<h2 class=\"elementor-heading-title elementor-size-default\">Projekt<\/h2>\t\t\t\t<\/div>\n\t\t\t\t<\/div>\n\t\t\t\t<div class=\"elementor-element elementor-element-7a3e894 elementor-widget elementor-widget-spacer\" data-id=\"7a3e894\" data-element_type=\"widget\" data-e-type=\"widget\" data-widget_type=\"spacer.default\">\n\t\t\t\t<div class=\"elementor-widget-container\">\n\t\t\t\t\t\t\t<div class=\"elementor-spacer\">\n\t\t\t<div class=\"elementor-spacer-inner\"><\/div>\n\t\t<\/div>\n\t\t\t\t\t\t<\/div>\n\t\t\t\t<\/div>\n\t\t\t\t<section class=\"elementor-section elementor-inner-section elementor-element elementor-element-b3851bf elementor-section-boxed elementor-section-height-default elementor-section-height-default\" data-id=\"b3851bf\" data-element_type=\"section\" data-e-type=\"section\">\n\t\t\t\t\t\t<div class=\"elementor-container elementor-column-gap-default\">\n\t\t\t\t\t<div class=\"elementor-column elementor-col-50 elementor-inner-column elementor-element elementor-element-b5827dd\" data-id=\"b5827dd\" data-element_type=\"column\" data-e-type=\"column\">\n\t\t\t<div class=\"elementor-widget-wrap elementor-element-populated\">\n\t\t\t\t\t\t<div class=\"elementor-element elementor-element-c1603c6 elementor-widget-divider--view-line elementor-widget elementor-widget-divider\" data-id=\"c1603c6\" data-element_type=\"widget\" data-e-type=\"widget\" data-widget_type=\"divider.default\">\n\t\t\t\t<div class=\"elementor-widget-container\">\n\t\t\t\t\t\t\t<div class=\"elementor-divider\">\n\t\t\t<span class=\"elementor-divider-separator\">\n\t\t\t\t\t\t<\/span>\n\t\t<\/div>\n\t\t\t\t\t\t<\/div>\n\t\t\t\t<\/div>\n\t\t\t\t<div class=\"elementor-element elementor-element-31cec78 elementor-widget elementor-widget-heading\" data-id=\"31cec78\" data-element_type=\"widget\" data-e-type=\"widget\" data-widget_type=\"heading.default\">\n\t\t\t\t<div class=\"elementor-widget-container\">\n\t\t\t\t\t<h2 class=\"elementor-heading-title elementor-size-default\">Opis projektu<\/h2>\t\t\t\t<\/div>\n\t\t\t\t<\/div>\n\t\t\t\t<div class=\"elementor-element elementor-element-9b47ec0 elementor-widget elementor-widget-text-editor\" data-id=\"9b47ec0\" data-element_type=\"widget\" data-e-type=\"widget\" data-widget_type=\"text-editor.default\">\n\t\t\t\t<div class=\"elementor-widget-container\">\n\t\t\t\t\t\t\t\t\t<p>Obecna przepa\u015b\u0107 mi\u0119dzy wykszta\u0142ceniem a zatrudnieniem stale si\u0119 powi\u0119ksza, a skala zmian w stopach bezrobocia jest zr\u00f3\u017cnicowana w zale\u017cno\u015bci od poziomu wykszta\u0142cenia m\u0142odych ludzi. Dodatkowe koszty zwi\u0105zane z brakiem zapewnienia wysokiej jako\u015bci edukacji, godnego zatrudnienia i ochrony socjalnej przez spo\u0142ecze\u0144stwo mog\u0105 spowodowa\u0107 powa\u017cne obci\u0105\u017cenie finansowe dla europejskiego spo\u0142ecze\u0144stwa.\u00a0<\/p><p>Stale ro\u015bnie tak\u017ce liczba absolwent\u00f3w z oficjalnie uznawanym wykszta\u0142ceniem zawodowym. Rosn\u0105ca liczba absolwent\u00f3w, ale z ograniczonymi mo\u017cliwo\u015bciami realizacji zawodowej, powoduje wi\u0119c wysok\u0105 stop\u0119 bezrobocia w\u015br\u00f3d m\u0142odych ludzi.<\/p><p>\u00a0W dzisiejszych czasach brak i zb\u0119dne umiej\u0119tno\u015bci w danym miejscu pracy s\u0105 by\u0107 mo\u017ce jednym z najcz\u0119stszych wyja\u015bnie\u0144 w debatach na temat problem\u00f3w rozwoju zawodowego m\u0142odych ludzi i ich integracji jako aktywnych cz\u0142onk\u00f3w spo\u0142ecze\u0144stwa. Dlatego te\u017c projekt \u201eLiga M\u0142odych Przedsi\u0119biorc\u00f3w\u201d ma na celu tworzenie kompetytywnego spo\u0142ecze\u0144stwa o rozwini\u0119tym potencjale przedsi\u0119biorczym i kreatywnych kompetencjach.<\/p><p>\u00a0Projekt ma tak\u017ce na celu zaoferowanie rozwi\u0105zania problemu dotycz\u0105cego bezrobocia w\u015br\u00f3d m\u0142odzie\u017cy, stworzenie konkretnych sposob\u00f3w na zwi\u0119kszenie wcze\u015bniej przytoczonych umiej\u0119tno\u015bci oraz budowanie postaw i zdolno\u015bci przedsi\u0119biorczych m\u0142odych ludzi.<\/p>\t\t\t\t\t\t\t\t<\/div>\n\t\t\t\t<\/div>\n\t\t\t\t\t<\/div>\n\t\t<\/div>\n\t\t\t\t<div class=\"elementor-column elementor-col-50 elementor-inner-column elementor-element elementor-element-714b6ce\" data-id=\"714b6ce\" data-element_type=\"column\" data-e-type=\"column\">\n\t\t\t<div class=\"elementor-widget-wrap\">\n\t\t\t\t\t\t\t<\/div>\n\t\t<\/div>\n\t\t\t\t\t<\/div>\n\t\t<\/section>\n\t\t\t\t\t<\/div>\n\t\t<\/div>\n\t\t\t\t\t<\/div>\n\t\t<\/section>\n\t\t\t\t<section class=\"elementor-section elementor-top-section elementor-element elementor-element-cfb89b5 elementor-section-boxed elementor-section-height-default elementor-section-height-default\" data-id=\"cfb89b5\" data-element_type=\"section\" data-e-type=\"section\" data-settings=\"{&quot;background_background&quot;:&quot;classic&quot;,&quot;shape_divider_top&quot;:&quot;mountains&quot;}\">\n\t\t\t\t\t\t\t<div class=\"elementor-background-overlay\"><\/div>\n\t\t\t\t\t\t<div class=\"elementor-shape elementor-shape-top\" aria-hidden=\"true\" data-negative=\"false\">\n\t\t\t<svg xmlns=\"http:\/\/www.w3.org\/2000\/svg\" viewBox=\"0 0 1000 100\" preserveAspectRatio=\"none\">\n\t<path class=\"elementor-shape-fill\" opacity=\"0.33\" d=\"M473,67.3c-203.9,88.3-263.1-34-320.3,0C66,119.1,0,59.7,0,59.7V0h1000v59.7 c0,0-62.1,26.1-94.9,29.3c-32.8,3.3-62.8-12.3-75.8-22.1C806,49.6,745.3,8.7,694.9,4.7S492.4,59,473,67.3z\"\/>\n\t<path class=\"elementor-shape-fill\" opacity=\"0.66\" d=\"M734,67.3c-45.5,0-77.2-23.2-129.1-39.1c-28.6-8.7-150.3-10.1-254,39.1 s-91.7-34.4-149.2,0C115.7,118.3,0,39.8,0,39.8V0h1000v36.5c0,0-28.2-18.5-92.1-18.5C810.2,18.1,775.7,67.3,734,67.3z\"\/>\n\t<path class=\"elementor-shape-fill\" d=\"M766.1,28.9c-200-57.5-266,65.5-395.1,19.5C242,1.8,242,5.4,184.8,20.6C128,35.8,132.3,44.9,89.9,52.5C28.6,63.7,0,0,0,0 h1000c0,0-9.9,40.9-83.6,48.1S829.6,47,766.1,28.9z\"\/>\n<\/svg>\t\t<\/div>\n\t\t\t\t\t<div class=\"elementor-container elementor-column-gap-default\">\n\t\t\t\t\t<div class=\"elementor-column elementor-col-100 elementor-top-column elementor-element elementor-element-d93b3f1\" data-id=\"d93b3f1\" data-element_type=\"column\" data-e-type=\"column\">\n\t\t\t<div class=\"elementor-widget-wrap elementor-element-populated\">\n\t\t\t\t\t\t<section class=\"elementor-section elementor-inner-section elementor-element elementor-element-64eaf31 elementor-section-boxed elementor-section-height-default elementor-section-height-default\" data-id=\"64eaf31\" data-element_type=\"section\" data-e-type=\"section\">\n\t\t\t\t\t\t<div class=\"elementor-container elementor-column-gap-default\">\n\t\t\t\t\t<div class=\"elementor-column elementor-col-50 elementor-inner-column elementor-element elementor-element-c86b992\" data-id=\"c86b992\" data-element_type=\"column\" data-e-type=\"column\">\n\t\t\t<div class=\"elementor-widget-wrap\">\n\t\t\t\t\t\t\t<\/div>\n\t\t<\/div>\n\t\t\t\t<div class=\"elementor-column elementor-col-50 elementor-inner-column elementor-element elementor-element-41f5fdd\" data-id=\"41f5fdd\" data-element_type=\"column\" data-e-type=\"column\">\n\t\t\t<div class=\"elementor-widget-wrap elementor-element-populated\">\n\t\t\t\t\t\t<div class=\"elementor-element elementor-element-9c13682 elementor-widget elementor-widget-spacer\" data-id=\"9c13682\" data-element_type=\"widget\" data-e-type=\"widget\" data-widget_type=\"spacer.default\">\n\t\t\t\t<div class=\"elementor-widget-container\">\n\t\t\t\t\t\t\t<div class=\"elementor-spacer\">\n\t\t\t<div class=\"elementor-spacer-inner\"><\/div>\n\t\t<\/div>\n\t\t\t\t\t\t<\/div>\n\t\t\t\t<\/div>\n\t\t\t\t<div class=\"elementor-element elementor-element-4b219b0 elementor-widget elementor-widget-heading\" data-id=\"4b219b0\" data-element_type=\"widget\" data-e-type=\"widget\" data-widget_type=\"heading.default\">\n\t\t\t\t<div class=\"elementor-widget-container\">\n\t\t\t\t\t<h2 class=\"elementor-heading-title elementor-size-default\">Wp\u0142yw<\/h2>\t\t\t\t<\/div>\n\t\t\t\t<\/div>\n\t\t\t\t<div class=\"elementor-element elementor-element-5da6631 elementor-widget elementor-widget-text-editor\" data-id=\"5da6631\" data-element_type=\"widget\" data-e-type=\"widget\" data-widget_type=\"text-editor.default\">\n\t\t\t\t<div class=\"elementor-widget-container\">\n\t\t\t\t\t\t\t\t\t<p>Projekt ma na celu promowanie mi\u0119dzysektorowego partnerstwa i wsp\u00f3\u0142pracy na mi\u0119dzynarodowym szczeblu poprzez stworzenie \u015bcis\u0142ego powi\u0105zania pomi\u0119dzy \u015brodowiskiem instytucjonalnym organizacji pozarz\u0105dowych z instytucjami edukacyjnymi oraz innymi typami organizacji \u015bwiadcz\u0105cymi us\u0142ugi edukacyjne w celu podnoszenia jako\u015bci pracy w zakresie edukacji, szkole\u0144 i m\u0142odzie\u017cy.\u00a0<\/p><p>W celu znalezienia pozytywnych rozwi\u0105za\u0144 opisanej sytuacji zdefiniowano nast\u0119puj\u0105ce cele projektu:\u00a0<\/p><p>\u25aa\ufe0f zach\u0119canie do posiadania i wdra\u017cania w \u017cycie pomys\u0142\u00f3w przedsi\u0119biorczych poprzez prowadzenie zaj\u0119\u0107 pozalekcyjnych i kurs\u00f3w maj\u0105cych na celu zwi\u0119kszenie zdolno\u015bci innowacyjnych i oportunistycznego sposobu my\u015blenia potencjalnych m\u0142odych przedsi\u0119biorc\u00f3w<\/p><p>\u25aa\ufe0f wprowadzenie innowacyjnego podej\u015bcia do przedsi\u0119biorczo\u015bci w obszarze edukacji poprzez rozw\u00f3j \u015bwiadomo\u015bci i zachowa\u0144 przedsi\u0119biorczych w\u015br\u00f3d m\u0142odych os\u00f3b\u00a0<\/p><p>\u25aa\ufe0f zach\u0119canie m\u0142odych ludzi do udzia\u0142u w edukacji w zakresie przedsi\u0119biorczo\u015bci w celu rozwijania pomocnych sposob\u00f3w my\u015blenia i zach\u0119cania ich do lepszego udzia\u0142u w przedsi\u0119biorczych dzia\u0142aniach\u00a0<\/p><p>\u25aa\ufe0fwzmacnianie innowacyjnego i zorientowanego na rynek ducha przedsi\u0119biorczo\u015bci w\u015br\u00f3d m\u0142odych ludzi\u00a0<\/p><p>\u25aa\ufe0f wykazywanie korzy\u015bci p\u0142yn\u0105cych z wykorzystywania multidyscyplinarnych podej\u015b\u0107 edukacyjnych poprzez publikacj\u0119 \u2018Podr\u0119cznika szkoleniowego w zakresie przyw\u00f3dztwa w przedsi\u0119biorstwie, zarz\u0105dzania i przedsi\u0119biorczo\u015bci m\u0142odych\u201c<\/p>\t\t\t\t\t\t\t\t<\/div>\n\t\t\t\t<\/div>\n\t\t\t\t\t<\/div>\n\t\t<\/div>\n\t\t\t\t\t<\/div>\n\t\t<\/section>\n\t\t\t\t\t<\/div>\n\t\t<\/div>\n\t\t\t\t\t<\/div>\n\t\t<\/section>\n\t\t\t\t<section class=\"elementor-section elementor-top-section elementor-element elementor-element-1a90a6d elementor-section-boxed elementor-section-height-default elementor-section-height-default\" data-id=\"1a90a6d\" data-element_type=\"section\" data-e-type=\"section\">\n\t\t\t\t\t\t<div class=\"elementor-container elementor-column-gap-default\">\n\t\t\t\t\t<div class=\"elementor-column elementor-col-33 elementor-top-column elementor-element elementor-element-5f8e505\" data-id=\"5f8e505\" data-element_type=\"column\" data-e-type=\"column\">\n\t\t\t<div class=\"elementor-widget-wrap elementor-element-populated\">\n\t\t\t\t\t\t<div class=\"elementor-element elementor-element-255c678 elementor-widget elementor-widget-spacer\" data-id=\"255c678\" data-element_type=\"widget\" data-e-type=\"widget\" data-widget_type=\"spacer.default\">\n\t\t\t\t<div class=\"elementor-widget-container\">\n\t\t\t\t\t\t\t<div class=\"elementor-spacer\">\n\t\t\t<div class=\"elementor-spacer-inner\"><\/div>\n\t\t<\/div>\n\t\t\t\t\t\t<\/div>\n\t\t\t\t<\/div>\n\t\t\t\t<div class=\"elementor-element elementor-element-ebfa869 elementor-widget elementor-widget-image\" data-id=\"ebfa869\" data-element_type=\"widget\" data-e-type=\"widget\" data-widget_type=\"image.default\">\n\t\t\t\t<div class=\"elementor-widget-container\">\n\t\t\t\t\t\t\t\t\t\t\t\t\t\t\t<img decoding=\"async\" width=\"300\" height=\"63\" src=\"https:\/\/young-entrepreneurs-guild.eu\/wp-content\/uploads\/2022\/07\/EN_Co-funded_by_the_EU_PANTONE__1_-removebg-preview-1024x215-1-300x63.png\" class=\"attachment-medium size-medium wp-image-178\" alt=\"\" srcset=\"https:\/\/young-entrepreneurs-guild.eu\/wp-content\/uploads\/2022\/07\/EN_Co-funded_by_the_EU_PANTONE__1_-removebg-preview-1024x215-1-300x63.png 300w, https:\/\/young-entrepreneurs-guild.eu\/wp-content\/uploads\/2022\/07\/EN_Co-funded_by_the_EU_PANTONE__1_-removebg-preview-1024x215-1-768x161.png 768w, https:\/\/young-entrepreneurs-guild.eu\/wp-content\/uploads\/2022\/07\/EN_Co-funded_by_the_EU_PANTONE__1_-removebg-preview-1024x215-1-720x151.png 720w, https:\/\/young-entrepreneurs-guild.eu\/wp-content\/uploads\/2022\/07\/EN_Co-funded_by_the_EU_PANTONE__1_-removebg-preview-1024x215-1.png 1024w\" sizes=\"(max-width: 300px) 100vw, 300px\" \/>\t\t\t\t\t\t\t\t\t\t\t\t\t\t\t<\/div>\n\t\t\t\t<\/div>\n\t\t\t\t<div class=\"elementor-element elementor-element-31fb11a elementor-widget elementor-widget-text-editor\" data-id=\"31fb11a\" data-element_type=\"widget\" data-e-type=\"widget\" data-widget_type=\"text-editor.default\">\n\t\t\t\t<div class=\"elementor-widget-container\">\n\t\t\t\t\t\t\t\t\t<p>Sfinansowane ze \u015brodk\u00f3w UE. Wyra\u017cone pogl\u0105dy i opinie s\u0105 jedynie opiniami autora lub autor\u00f3w i niekoniecznie odzwierciedlaj\u0105 pogl\u0105dy i opinie Unii Europejskiej lub Europejskiej Agencji Wykonawczej ds. Edukacji i Kultury (EACEA). Unia Europejska ani EACEA nie ponosz\u0105 za nie odpowiedzialno\u015bci. 2021-1-PL01-KA220-YOU-000029030<\/p>\t\t\t\t\t\t\t\t<\/div>\n\t\t\t\t<\/div>\n\t\t\t\t\t<\/div>\n\t\t<\/div>\n\t\t\t\t<div class=\"elementor-column elementor-col-33 elementor-top-column elementor-element elementor-element-0c32a49\" data-id=\"0c32a49\" data-element_type=\"column\" data-e-type=\"column\">\n\t\t\t<div class=\"elementor-widget-wrap\">\n\t\t\t\t\t\t\t<\/div>\n\t\t<\/div>\n\t\t\t\t<div class=\"elementor-column elementor-col-33 elementor-top-column elementor-element elementor-element-bd5541d\" data-id=\"bd5541d\" data-element_type=\"column\" data-e-type=\"column\">\n\t\t\t<div class=\"elementor-widget-wrap elementor-element-populated\">\n\t\t\t\t\t\t<div class=\"elementor-element elementor-element-a24cfee elementor-widget elementor-widget-spacer\" data-id=\"a24cfee\" data-element_type=\"widget\" data-e-type=\"widget\" data-widget_type=\"spacer.default\">\n\t\t\t\t<div class=\"elementor-widget-container\">\n\t\t\t\t\t\t\t<div class=\"elementor-spacer\">\n\t\t\t<div class=\"elementor-spacer-inner\"><\/div>\n\t\t<\/div>\n\t\t\t\t\t\t<\/div>\n\t\t\t\t<\/div>\n\t\t\t\t<div class=\"elementor-element elementor-element-f2ffaed elementor-widget elementor-widget-image\" data-id=\"f2ffaed\" data-element_type=\"widget\" data-e-type=\"widget\" data-widget_type=\"image.default\">\n\t\t\t\t<div class=\"elementor-widget-container\">\n\t\t\t\t\t\t\t\t\t\t\t\t\t\t\t<img decoding=\"async\" width=\"243\" height=\"84\" src=\"https:\/\/young-entrepreneurs-guild.eu\/wp-content\/uploads\/2022\/07\/YEG-logo-small-whiteback.png\" class=\"attachment-medium size-medium wp-image-276\" alt=\"\" \/>\t\t\t\t\t\t\t\t\t\t\t\t\t\t\t<\/div>\n\t\t\t\t<\/div>\n\t\t\t\t<div class=\"elementor-element elementor-element-5717d7b elementor-widget elementor-widget-text-editor\" data-id=\"5717d7b\" data-element_type=\"widget\" data-e-type=\"widget\" data-widget_type=\"text-editor.default\">\n\t\t\t\t<div class=\"elementor-widget-container\">\n\t\t\t\t\t\t\t\t\t<a style=\"color: black;\" href=\"https:\/\/young-entrepreneurs-guild.eu\/?page_id=186\" target=\"_blank\" rel=\"noopener\">Terms of Use<\/a>\t\t\t\t\t\t\t\t<\/div>\n\t\t\t\t<\/div>\n\t\t\t\t<div class=\"elementor-element elementor-element-3e4653a elementor-shape-circle e-grid-align-right elementor-grid-0 elementor-widget elementor-widget-social-icons\" data-id=\"3e4653a\" data-element_type=\"widget\" data-e-type=\"widget\" data-widget_type=\"social-icons.default\">\n\t\t\t\t<div class=\"elementor-widget-container\">\n\t\t\t\t\t\t\t<div class=\"elementor-social-icons-wrapper elementor-grid\">\n\t\t\t\t\t\t\t<span class=\"elementor-grid-item\">\n\t\t\t\t\t<a class=\"elementor-icon elementor-social-icon elementor-social-icon-facebook elementor-repeater-item-eff31d5\" target=\"_blank\">\n\t\t\t\t\t\t<span class=\"elementor-screen-only\">Facebook<\/span>\n\t\t\t\t\t\t<i aria-hidden=\"true\" class=\"fab fa-facebook\"><\/i>\t\t\t\t\t<\/a>\n\t\t\t\t<\/span>\n\t\t\t\t\t<\/div>\n\t\t\t\t\t\t<\/div>\n\t\t\t\t<\/div>\n\t\t\t\t\t<\/div>\n\t\t<\/div>\n\t\t\t\t\t<\/div>\n\t\t<\/section>\n\t\t\t\t<section class=\"elementor-section elementor-top-section elementor-element elementor-element-f5b0083 elementor-section-boxed elementor-section-height-default elementor-section-height-default\" data-id=\"f5b0083\" data-element_type=\"section\" data-e-type=\"section\">\n\t\t\t\t\t\t<div class=\"elementor-container elementor-column-gap-default\">\n\t\t\t\t\t<div class=\"elementor-column elementor-col-100 elementor-top-column elementor-element elementor-element-477ac76\" data-id=\"477ac76\" data-element_type=\"column\" data-e-type=\"column\">\n\t\t\t<div class=\"elementor-widget-wrap elementor-element-populated\">\n\t\t\t\t\t\t<div class=\"elementor-element elementor-element-899cca1 elementor-widget-divider--view-line elementor-widget elementor-widget-divider\" data-id=\"899cca1\" data-element_type=\"widget\" data-e-type=\"widget\" data-widget_type=\"divider.default\">\n\t\t\t\t<div class=\"elementor-widget-container\">\n\t\t\t\t\t\t\t<div class=\"elementor-divider\">\n\t\t\t<span class=\"elementor-divider-separator\">\n\t\t\t\t\t\t<\/span>\n\t\t<\/div>\n\t\t\t\t\t\t<\/div>\n\t\t\t\t<\/div>\n\t\t\t\t\t<\/div>\n\t\t<\/div>\n\t\t\t\t\t<\/div>\n\t\t<\/section>\n\t\t\t\t<section class=\"elementor-section elementor-top-section elementor-element elementor-element-129ca6b elementor-section-boxed elementor-section-height-default elementor-section-height-default\" data-id=\"129ca6b\" data-element_type=\"section\" data-e-type=\"section\">\n\t\t\t\t\t\t<div class=\"elementor-container elementor-column-gap-default\">\n\t\t\t\t\t<div class=\"elementor-column elementor-col-33 elementor-top-column elementor-element elementor-element-d7daf89\" data-id=\"d7daf89\" data-element_type=\"column\" data-e-type=\"column\">\n\t\t\t<div class=\"elementor-widget-wrap elementor-element-populated\">\n\t\t\t\t\t\t<div class=\"elementor-element elementor-element-213e50a elementor-widget elementor-widget-heading\" data-id=\"213e50a\" data-element_type=\"widget\" data-e-type=\"widget\" data-widget_type=\"heading.default\">\n\t\t\t\t<div class=\"elementor-widget-container\">\n\t\t\t\t\t<h2 class=\"elementor-heading-title elementor-size-default\">Copyright \u00a9 2022 Young Entrepreneurs Guild. All Rights Reserved<\/h2>\t\t\t\t<\/div>\n\t\t\t\t<\/div>\n\t\t\t\t\t<\/div>\n\t\t<\/div>\n\t\t\t\t<div class=\"elementor-column elementor-col-33 elementor-top-column elementor-element elementor-element-b1881ce\" data-id=\"b1881ce\" data-element_type=\"column\" data-e-type=\"column\">\n\t\t\t<div class=\"elementor-widget-wrap\">\n\t\t\t\t\t\t\t<\/div>\n\t\t<\/div>\n\t\t\t\t<div class=\"elementor-column elementor-col-33 elementor-top-column elementor-element elementor-element-4534304\" data-id=\"4534304\" data-element_type=\"column\" data-e-type=\"column\">\n\t\t\t<div class=\"elementor-widget-wrap elementor-element-populated\">\n\t\t\t\t\t\t<div class=\"elementor-element elementor-element-749bda7 elementor-widget elementor-widget-text-editor\" data-id=\"749bda7\" data-element_type=\"widget\" data-e-type=\"widget\" data-widget_type=\"text-editor.default\">\n\t\t\t\t<div class=\"elementor-widget-container\">\n\t\t\t\t\t\t\t\t\t<span style=\"color: #797979; text-align: left;\">Powered by\u00a0<\/span><a style=\"color: #797979; text-align: right;\" href=\"https:\/\/innovationhive.eu\/\" target=\"_blank\" rel=\"noopener\">Innovation Hive<\/a>\t\t\t\t\t\t\t\t<\/div>\n\t\t\t\t<\/div>\n\t\t\t\t\t<\/div>\n\t\t<\/div>\n\t\t\t\t\t<\/div>\n\t\t<\/section>\n\t\t\t\t<\/div>\n\t\t","protected":false},"excerpt":{"rendered":"<p>Projekt Opis projektu Obecna przepa\u015b\u0107 mi\u0119dzy wykszta\u0142ceniem a zatrudnieniem stale si\u0119 powi\u0119ksza, a skala zmian w stopach bezrobocia jest zr\u00f3\u017cnicowana [&hellip;]<\/p>\n","protected":false},"author":1,"featured_media":0,"parent":0,"menu_order":0,"comment_status":"closed","ping_status":"closed","template":"page-templates\/template_page-builder.php","meta":{"_monsterinsights_skip_tracking":false,"_monsterinsights_sitenote_active":false,"_monsterinsights_sitenote_note":"","_monsterinsights_sitenote_category":0,"footnotes":""},"class_list":["post-819","page","type-page","status-publish","hentry"],"aioseo_notices":[],"_links":{"self":[{"href":"https:\/\/young-entrepreneurs-guild.eu\/index.php?rest_route=\/wp\/v2\/pages\/819","targetHints":{"allow":["GET"]}}],"collection":[{"href":"https:\/\/young-entrepreneurs-guild.eu\/index.php?rest_route=\/wp\/v2\/pages"}],"about":[{"href":"https:\/\/young-entrepreneurs-guild.eu\/index.php?rest_route=\/wp\/v2\/types\/page"}],"author":[{"embeddable":true,"href":"https:\/\/young-entrepreneurs-guild.eu\/index.php?rest_route=\/wp\/v2\/users\/1"}],"replies":[{"embeddable":true,"href":"https:\/\/young-entrepreneurs-guild.eu\/index.php?rest_route=%2Fwp%2Fv2%2Fcomments&post=819"}],"version-history":[{"count":7,"href":"https:\/\/young-entrepreneurs-guild.eu\/index.php?rest_route=\/wp\/v2\/pages\/819\/revisions"}],"predecessor-version":[{"id":1073,"href":"https:\/\/young-entrepreneurs-guild.eu\/index.php?rest_route=\/wp\/v2\/pages\/819\/revisions\/1073"}],"wp:attachment":[{"href":"https:\/\/young-entrepreneurs-guild.eu\/index.php?rest_route=%2Fwp%2Fv2%2Fmedia&parent=819"}],"curies":[{"name":"wp","href":"https:\/\/api.w.org\/{rel}","templated":true}]}}